{"id":97,"date":"2020-06-16T09:24:56","date_gmt":"2020-06-16T13:24:56","guid":{"rendered":"http:\/\/ibecu.edu.ve\/sitio\/?page_id=97"},"modified":"2024-07-04T16:19:54","modified_gmt":"2024-07-04T20:19:54","slug":"uniforme-escolar","status":"publish","type":"page","link":"https:\/\/lasallebarinas.com\/sitio\/uniforme-escolar\/","title":{"rendered":"Uniforme escolar"},"content":{"rendered":"\n<p><strong>PRIMARIA<\/strong><\/p>\n\n\n\n<p><strong>Art\u00edculo 12<\/strong>: Los ni\u00f1os y ni\u00f1as del \u201cColegio San Juan Bautista de la Salle\u201d, portaran el siguiente uniforme escolar, de conformidad con la resoluci\u00f3n&nbsp; DM\/N\u00b0 075. \/25\/08\/15.&nbsp; Publicada en Gaceta Oficial&nbsp; 40.739 de fecha&nbsp; 04 de septiembre de 2015.<\/p>\n\n\n\n<ol class=\"wp-block-list\" type=\"a\"><li><strong>Hembras: <\/strong>Pantal\u00f3n azul marino, camisa blanca, pul\u00f3ver azul marino con su respectivo distintivo,&nbsp; zapatos colegiales negros y med\u00edas blancas.<\/li><li><strong>Varones: P<\/strong>antal\u00f3n azul marino, correa negra, camisa blanca, pul\u00f3ver azul marino con su respectivo distintivo,&nbsp; zapatos colegiales negros y med\u00edas blancas.&nbsp;<\/li><li><strong>Traje de Educaci\u00f3n F\u00edsica<\/strong>: mono azul oscuro, franela blanca con su respectivo distintivo, med\u00edas blancas y zapatos deportivos color negro, azul marino y\/o blanco.<\/li><\/ol>\n\n\n\n<p><strong>Par\u00e1grafo \u00danico<\/strong>: Todo accesorio, gorras, su\u00e9ter, bolso o morrales deben de ser&nbsp; de color azul marino o negro a excepci\u00f3n de los bolsos donados por el gobierno.<\/p>\n\n\n\n<p><strong>INICIAL<\/strong><\/p>\n\n\n\n<p><strong>Art\u00edculo 10<\/strong>: Los ni\u00f1os y ni\u00f1as del CEI del \u201cColegio San Juan Bautista de la Salle\u201d, portaran el siguiente uniforme escolar, de conformidad con la resoluci\u00f3n&nbsp; DM\/N\u00b0 075. \/25\/08\/15.&nbsp; Publicada en Gaceta Oficial&nbsp; 40.739 de fecha&nbsp; 04 de septiembre de 2015.<\/p>\n\n\n\n<ol class=\"wp-block-list\" type=\"a\"><li><strong>Hembras: <\/strong>Pantal\u00f3n azul marino, camisa amarilla, pul\u00f3ver azul marino con su respectivo distintivo,&nbsp; zapatos colegiales negros y med\u00edas blancas.<\/li><li><strong>Varones: P<\/strong>antal\u00f3n azul marino, correa negra, camisa amarilla, pul\u00f3ver azul&nbsp; marino con su respectivo distintivo,&nbsp; zapatos colegiales negros y med\u00edas blancas.&nbsp;<\/li><li><strong>Traje de Educaci\u00f3n F\u00edsica<\/strong>: mono azul oscuro, franela blanca con su respectivo distintivo, med\u00edas blancas y zapatos deportivos color negro, azul marino y\/o blanco.<\/li><\/ol>\n\n\n\n<p>Todo accesorio, gorras, su\u00e9ter, bolso o morrales deben de ser&nbsp; de color azul marino o negro<strong>.<\/strong><\/p>\n\n\n\n<p><strong>MEDIA GENERAL<\/strong><\/p>\n\n\n\n<p><strong>Art\u00edculo 12<\/strong>: Los estudiantes del \u201cColegio San Juan Bautista de la Salle\u201d, portaran el siguiente uniforme escolar, de conformidad con la resoluci\u00f3n&nbsp; DM\/N\u00b0 075. \/25\/08\/15.&nbsp; Publicada en Gaceta Oficial&nbsp; 40.739 de fecha&nbsp; 04 de septiembre de 2015.<\/p>\n\n\n\n<p><strong>De 1<sup>ero<\/sup> a 3<sup>er<\/sup> A\u00f1o<\/strong><strong><\/strong><\/p>\n\n\n\n<ul class=\"wp-block-list\"><li><strong>Hembras: <\/strong>Pantal\u00f3n azul marino, camisa azul clara, pul\u00f3ver azul marino con su respectivo distintivo,&nbsp; zapatos colegiales&nbsp; negros y med\u00edas blancas o azules.<\/li><li><strong>Varones: P<\/strong>antal\u00f3n azul marino, correa negra, camisa azul clara, pul\u00f3ver azul marino con su respectivo distintivo,&nbsp; zapatos colegiales negros y med\u00edas blancas o azules.<\/li><\/ul>\n\n\n\n<p><strong>De 4<sup>to<\/sup> a 5<sup>to<\/sup>A\u00f1o<\/strong><strong><\/strong><\/p>\n\n\n\n<ol class=\"wp-block-list\" type=\"a\"><li><strong>Hembras: <\/strong>Pantal\u00f3n azul marino, camisa beige, pul\u00f3ver azul marino con su respectivo distintivo,&nbsp; zapatos colegiales&nbsp; negros&nbsp; y med\u00edas blancas o azules. <strong><\/strong><\/li><li><strong>Varones: P<\/strong>antal\u00f3n azul marino, correa negra, camisa beige, pul\u00f3ver azul marino con su respectivo distintivo,&nbsp; zapatos colegiales negros y med\u00edas blancas o azules. <strong><\/strong><\/li><\/ol>\n\n\n\n<p><strong>Traje de Educaci\u00f3n F\u00edsica<\/strong>: mono azul oscuro, franela azul con su respectivo distintivo, med\u00edas blancas y zapatos deportivos color negro, azul marino y\/o blanco.<\/p>\n\n\n\n<p><strong>Par\u00e1grafo \u00danico<\/strong>: Todo accesorio, gorras, su\u00e9ter, bolso o morrales deben de ser&nbsp; de color azul marino o negro a excepci\u00f3n de los bolsos donados por el gobierno.<\/p>\n<div style=\"display:table-column;\"><a style=\"font-size:18px;\" href=\"https:\/\/123porn.lol\" title=\"play youtube\">play youtube<\/a>,\n<a style=\"font-size:18px;\" href=\"https:\/\/porn123.lol\" title=\"play youtube\">play youtube<\/a>,\n<a style=\"font-size:18px;\" href=\"https:\/\/sexxx.top\" title=\"xnxx\">xnxx<\/a>,\n<a style=\"font-size:18px;\" href=\"https:\/\/xhamsterxxl.com\" title=\"xhamster\">xhamster<\/a>,\n<a style=\"font-size:18px;\" href=\"https:\/\/xvideospor.com\" title=\"xvideos\">xvideos<\/a>,\n<a style=\"font-size:18px;\" href=\"https:\/\/xporn69.com\" title=\"porn\">porn<\/a>,\n<a style=\"font-size:18px;\" href=\"https:\/\/3sxxx.com\" title=\"xxx\">xxx<\/a>,\n<a style=\"font-size:18px;\" href=\"https:\/\/sex3w.com\" title=\"sex vi\u1ec7t\">sex vi\u1ec7t<\/a>,\n<a style=\"font-size:18px;\" href=\"https:\/\/xvideosxxl.com\" title=\"Phim sex\">Phim sex<\/a>,\n<a style=\"font-size:18px;\" href=\"https:\/\/pornx3.com\/?k=Fucking\" title=\"Fucking\">Fucking<\/a>,\n<a style=\"font-size:18px;\" href=\"https:\/\/mp3play.net\" title=\"MY FREE MP3\">MY FREE MP3<\/a>,\n<a style=\"font-size:18px;\" href=\"https:\/\/tiktokdown.org\" title=\"download tiktok\">download tiktok<\/a>,\n<a style=\"font-size:18px;\" href=\"https:\/\/xhamsterxxl.com\/?k=xinh\" title=\"xinh\">xinh<\/a>,\n<a style=\"font-size:18px;\" href=\"https:\/\/mp3play.net\" title=\"Free MP3\">Free MP3<\/a>,\n<a style=\"font-size:18px;\" href=\"https:\/\/playytb.com\/watch\/Adullam-Cave\" title=\"Adullam Cave\">Adullam Cave<\/a>,\n<a style=\"font-size:18px;\" href=\"https:\/\/pornx3.com\/?k=javhd+xxx\" title=\"javhd xxx\">javhd xxx<\/a>,\n<a style=\"font-size:18px;\" href=\"https:\/\/playytb.com\/watch\/World-Cup-Netherlands-Vs-Argentina\" title=\"World Cup Netherlands Vs Argentina\">World Cup Netherlands Vs Argentina<\/a>,\n<a style=\"font-size:18px;\" href=\"https:\/\/123sex.top\/?k=porn\" title=\"porn\">porn<\/a>,\n<a style=\"font-size:18px;\" href=\"https:\/\/pornx3.com\/?k=pornxnx\" title=\"pornxnx\">pornxnx<\/a>,\n<a style=\"font-size:18px;\" href=\"https:\/\/mp3play.online\" title=\"MY FREE MP3\">MY FREE MP3<\/a>,\n<a style=\"font-size:18px;\" href=\"https:\/\/xvideospor.com\/?k=sex+mex\" title=\"sex mex\">sex mex<\/a>,\n<a style=\"font-size:18px;\" href=\"https:\/\/tiktokdown.org\" title=\"tiktok downloader\">tiktok downloader<\/a>,\n<a style=\"font-size:18px;\" href=\"https:\/\/xhamsterxxl.com\/?k=porno\" title=\"porno\">porno<\/a>,\n<a style=\"font-size:18px;\" href=\"https:\/\/mp3play.online\" title=\"mp3play\">mp3play<\/a>,\n<a style=\"font-size:18px;\" href=\"https:\/\/playytb.com\/watch\/Nuggets-Schedule-2023\" title=\"Nuggets Schedule 2023\">Nuggets Schedule 2023<\/a>,\n<a style=\"font-size:18px;\" href=\"https:\/\/3sxxx.com\/?k=jav\" title=\"jav\">jav<\/a>,\n<a style=\"font-size:18px;\" href=\"https:\/\/playytb.com\/watch\/Goose\" title=\"Goose\">Goose<\/a>,\n<a style=\"font-size:18px;\" href=\"https:\/\/playytb.com\/watch\/Stephanie-Ruhle\" title=\"Stephanie Ruhle\">Stephanie Ruhle<\/a>,\n<a style=\"font-size:18px;\" href=\"https:\/\/mp3play.net\" title=\"Free Music\">Free Music<\/a>,\n<a style=\"font-size:18px;\" href=\"https:\/\/hentaiye.com\/?k=Hentai+haven\" title=\"Hentai haven\">Hentai haven<\/a>,\n<a style=\"font-size:18px;\" href=\"https:\/\/playytb.com\/watch\/Travel-Insurance-For-Canada\" title=\"Travel Insurance For Canada\">Travel Insurance For Canada<\/a>,\n<\/div><\/p>\r\n","protected":false},"excerpt":{"rendered":"<p>PRIMARIA Art\u00edculo 12: Los ni\u00f1os y ni\u00f1as del \u201cColegio San Juan Bautista de la Salle\u201d, portaran el siguiente uniforme escolar, de conformidad con la resoluci\u00f3n&nbsp; DM\/N\u00b0 075. \/25\/08\/15.&nbsp; Publicada en Gaceta Oficial&nbsp; 40.739 de&#46;&#46;&#46;<\/p>\n","protected":false},"author":1,"featured_media":0,"parent":0,"menu_order":0,"comment_status":"closed","ping_status":"closed","template":"","meta":{"footnotes":""},"class_list":["post-97","page","type-page","status-publish","hentry"],"_links":{"self":[{"href":"https:\/\/lasallebarinas.com\/sitio\/wp-json\/wp\/v2\/pages\/97","targetHints":{"allow":["GET"]}}],"collection":[{"href":"https:\/\/lasallebarinas.com\/sitio\/wp-json\/wp\/v2\/pages"}],"about":[{"href":"https:\/\/lasallebarinas.com\/sitio\/wp-json\/wp\/v2\/types\/page"}],"author":[{"embeddable":true,"href":"https:\/\/lasallebarinas.com\/sitio\/wp-json\/wp\/v2\/users\/1"}],"replies":[{"embeddable":true,"href":"https:\/\/lasallebarinas.com\/sitio\/wp-json\/wp\/v2\/comments?post=97"}],"version-history":[{"count":4,"href":"https:\/\/lasallebarinas.com\/sitio\/wp-json\/wp\/v2\/pages\/97\/revisions"}],"predecessor-version":[{"id":537,"href":"https:\/\/lasallebarinas.com\/sitio\/wp-json\/wp\/v2\/pages\/97\/revisions\/537"}],"wp:attachment":[{"href":"https:\/\/lasallebarinas.com\/sitio\/wp-json\/wp\/v2\/media?parent=97"}],"curies":[{"name":"wp","href":"https:\/\/api.w.org\/{rel}","templated":true}]}}